{"id":1713,"date":"2023-02-07T19:58:14","date_gmt":"2023-02-07T19:58:14","guid":{"rendered":"https:\/\/shiboshi.de\/?page_id=1713"},"modified":"2023-02-07T19:58:14","modified_gmt":"2023-02-07T19:58:14","slug":"impressum","status":"publish","type":"page","link":"https:\/\/shiboshi.de\/index.php\/impressum\/","title":{"rendered":"Impressum"},"content":{"rendered":"<div class=\"fusion-text fusion-text-1\">\n<p><strong>Impressum<\/strong><\/p>\n<p><strong>Angaben gem\u00e4\u00df \u00a7 5 TMG:<\/strong><\/p>\n<p>G\u00fcnther Pflegepersonalservice GmbH<\/p>\n<p><strong>Postanschrift:<\/strong><br \/>\nUrlagen Kamp 15<br \/>\n49393 Lohne (Oldenburg)<\/p>\n<p><strong>Kontakt:<\/strong><\/p>\n<p>Telefon: 04442 \u2013 83 28 920<br \/>\nE-Mail:\u00a0info@guenther-pps.de<\/p>\n<p><strong>Vertreten durch:<\/strong><\/p>\n<p>Ronny G\u00fcnther (Gesch\u00e4ftsf\u00fchrer)<\/p>\n<p><strong>Eingetragen am 18.07.2019<\/strong><\/p>\n<p>Amtsgericht Oldenburg<br \/>\nHRB 214376<\/p>\n<p><strong>Umsatzsteuer-Identifikationsnummer:<\/strong><\/p>\n<p>DE325328128<\/p>\n<p><strong>Realisation:<\/strong><\/p>\n<p><a href=\"http:\/\/www.it-nienaber.de\" target=\"_blank\" rel=\"noopener noreferrer\">IT-Nienaber<\/a><\/p>\n<p><strong>Bildnachweis:<\/strong><\/p>\n<p><a href=\"https:\/\/www.123rf.com\/\" target=\"_blank\" rel=\"noopener noreferrer\">123rf.com<\/a><\/p>\n<p><strong>Allgemeines:<\/strong><br \/>\nAls seri\u00f6ser Anbieter und Dienstleister sind wir bestrebt, uns stets redlich, richtig und gesetzeskonform zu verhalten. Unter diesem Gesichtspunkt wurde auch unsere Website erstellt. Alle Inhalte, Erkl\u00e4rungen, Verlinkungen und sonstigen Informationen wurden nach bestem Wissen und Gewissen erstellt.<\/p>\n<p><strong>Haftung f\u00fcr Inhalte:<\/strong><br \/>\nDiese Website und ihre Inhalte wurden von uns mit gr\u00f6\u00dftm\u00f6glicher Sorgfalt erstellt. F\u00fcr die Richtigkeit, Vollst\u00e4ndigkeit und Aktualit\u00e4t der Inhalte wird jedoch keine Gew\u00e4hr \u00fcbernommen.<br \/>\nGem\u00e4\u00df \u00a77 I TMG obliegt uns die Verantwortung f\u00fcr eigene Inhalte. Uns trifft jedoch keine Verpflichtung, \u00fcbermittelte oder gespeicherte fremde Informationen zu \u00fcberwachen oder nach Umst\u00e4nden zu forschen, die auf rechtswidriges Verhalten bzw. rechtswidrige T\u00e4tigkeiten hinweisen. Dies trifft nicht auf explizite gesetzliche Verpflichtungen zur Entfernung bzw. Sperrung von Informationen zu. Vor dem Zeitpunkt der Kenntnis einer konkreten Rechtsverletzung ist jedoch keine Haftung m\u00f6glich. Sollte uns eine solche Verletzung zur Kenntnis gelangen, werden wir die betroffenen Inhalte unverz\u00fcglich entfernen.<\/p>\n<p><strong>Haftung f\u00fcr Links:<\/strong><br \/>\nUnsere Internetpr\u00e4senz enth\u00e4lt Links zu externen Webseiten Dritter. Auf deren Inhalte haben wir nat\u00fcrlich keinen Einfluss, weshalb wir keine Gew\u00e4hr f\u00fcr den Inhalt dieser Seiten \u00fcbernehmen k\u00f6nnen. F\u00fcr die entsprechenden Inhalte ist der jeweilige Betreiber respektive der Anbieter der Seiten allein verantwortlich. Als wir die Verlinkungen gesetzt haben, haben wir alle entsprechenden Seiten mit gr\u00f6\u00dfter Sorgfalt auf etwaige Verst\u00f6\u00dfe gepr\u00fcft. Solche Verst\u00f6\u00dfe bzw. rechtswidrige Inhalte lagen zum Zeitpunkt der \u00dcberpr\u00fcfung nicht vor. Eine Verpflichtung zur permanenten inhaltlichen Kontrolle dieser verlinkten Seiten w\u00e4re ohne konkreten Anhaltspunkt einer Rechtsverletzung unzumutbar und kann uns daher nicht treffen. Sollten wir allerdings Kenntnis einer Rechtsverletzung erlangen, werden wir die Verlinkung umgehend entfernen.<\/p>\n<p><strong>Urheberrecht:<\/strong><br \/>\nDie durch uns erstellten Inhalte und Werke auf diesen Seiten unterliegen allesamt dem deutschen Urheberrecht. Die Vervielf\u00e4ltigung, Bearbeitung, Verbreitung und jede Art der Verwertung au\u00dferhalb der Grenzen des Urheberrechts bed\u00fcrfen der schriftlichen Zustimmung des jeweiligen Autors bzw. Erstellers. Die Nutzung unserer Internetpr\u00e4senz oder deren Inhalte f\u00fcr kommerzielle Zwecke, ist nur nach vorheriger Genehmigung durch uns m\u00f6glich. Wir behalten uns ausdr\u00fccklich das Recht vor, bestimmte kommerzielle Nutzungen zu untersagen. Inhalte Dritter auf dieser Seite, die nicht vom Betreiber erstellt wurden, werden unter Beachtung der jeweiligen Urheberrechte verwendet und entsprechend als solche gekennzeichnet. Sollten Sie trotzdem auf eine Urheberrechtsverletzung aufmerksam werden, bitten wir Sie h\u00f6flichst um einen entsprechenden Hinweis. Sobald uns etwaige Rechtsverletzungen bekannt werden, werden wir alle n\u00f6tigen Schritte unternehmen, diese sofort und dauerhaft zu unterlassen, bzw. daf\u00fcr Sorge zu tragen, dass solche unterbleiben.<\/p>\n<\/div>\n","protected":false},"excerpt":{"rendered":"<p>Impressum Angaben gem\u00e4\u00df \u00a7 5 TMG: G\u00fcnther Pflegepersonalservice GmbH Postanschrift:<\/p>\n","protected":false},"author":1,"featured_media":0,"parent":0,"menu_order":0,"comment_status":"closed","ping_status":"closed","template":"","meta":{"footnotes":""},"class_list":["post-1713","page","type-page","status-publish","hentry"],"_links":{"self":[{"href":"https:\/\/shiboshi.de\/index.php\/wp-json\/wp\/v2\/pages\/1713","targetHints":{"allow":["GET"]}}],"collection":[{"href":"https:\/\/shiboshi.de\/index.php\/wp-json\/wp\/v2\/pages"}],"about":[{"href":"https:\/\/shiboshi.de\/index.php\/wp-json\/wp\/v2\/types\/page"}],"author":[{"embeddable":true,"href":"https:\/\/shiboshi.de\/index.php\/wp-json\/wp\/v2\/users\/1"}],"replies":[{"embeddable":true,"href":"https:\/\/shiboshi.de\/index.php\/wp-json\/wp\/v2\/comments?post=1713"}],"version-history":[{"count":1,"href":"https:\/\/shiboshi.de\/index.php\/wp-json\/wp\/v2\/pages\/1713\/revisions"}],"predecessor-version":[{"id":1714,"href":"https:\/\/shiboshi.de\/index.php\/wp-json\/wp\/v2\/pages\/1713\/revisions\/1714"}],"wp:attachment":[{"href":"https:\/\/shiboshi.de\/index.php\/wp-json\/wp\/v2\/media?parent=1713"}],"curies":[{"name":"wp","href":"https:\/\/api.w.org\/{rel}","templated":true}]}}