{"id":1742,"date":"2023-02-07T21:03:16","date_gmt":"2023-02-07T21:03:16","guid":{"rendered":"https:\/\/shiboshi.de\/?page_id=1742"},"modified":"2023-03-22T21:58:45","modified_gmt":"2023-03-22T21:58:45","slug":"ueber-uns","status":"publish","type":"page","link":"https:\/\/shiboshi.de\/index.php\/ueber-uns\/","title":{"rendered":"\u00dcber Uns"},"content":{"rendered":"<div class=\"fusion-fullwidth fullwidth-box fusion-builder-row-1 fusion-flex-container has-pattern-background has-mask-background nonhundred-percent-fullwidth non-hundred-percent-height-scrolling\" style=\"--awb-border-radius-top-left:0px;--awb-border-radius-top-right:0px;--awb-border-radius-bottom-right:0px;--awb-border-radius-bottom-left:0px;\" ><div class=\"fusion-builder-row fusion-row fusion-flex-align-items-flex-start\" style=\"max-width:calc( 1200px + 80px );margin-left: calc(-80px \/ 2 );margin-right: calc(-80px \/ 2 );\"><div class=\"fusion-layout-column fusion_builder_column fusion-builder-column-0 fusion_builder_column_1_2 1_2 fusion-flex-column\" style=\"--awb-bg-size:cover;--awb-width-large:50%;--awb-margin-top-large:0px;--awb-spacing-right-large:40px;--awb-margin-bottom-large:20px;--awb-spacing-left-large:40px;--awb-width-medium:50%;--awb-order-medium:0;--awb-spacing-right-medium:40px;--awb-spacing-left-medium:40px;--awb-width-small:100%;--awb-order-small:0;--awb-spacing-right-small:40px;--awb-spacing-left-small:40px;\"><div class=\"fusion-column-wrapper fusion-column-has-shadow fusion-flex-justify-content-flex-start fusion-content-layout-column\"><div class=\"fusion-image-element \" style=\"--awb-margin-bottom:5px;--awb-caption-title-size:var(--h2_typography-font-size);--awb-caption-title-transform:var(--h2_typography-text-transform);--awb-caption-title-line-height:var(--h2_typography-line-height);--awb-caption-title-letter-spacing:var(--h2_typography-letter-spacing);\"><span class=\" fusion-imageframe imageframe-none imageframe-1 hover-type-none\"><img decoding=\"async\" width=\"1276\" height=\"1473\" title=\"WhatsApp Image 2023-01-01 at 21.33.23\" src=\"https:\/\/shiboshi.de\/wp-content\/uploads\/2023\/03\/WhatsApp-Image-2023-01-01-at-21.33.23.jpeg\" data-orig-src=\"https:\/\/shiboshi.de\/wp-content\/uploads\/2023\/03\/WhatsApp-Image-2023-01-01-at-21.33.23.jpeg\" alt class=\"lazyload img-responsive wp-image-1847\" srcset=\"data:image\/svg+xml,%3Csvg%20xmlns%3D%27http%3A%2F%2Fwww.w3.org%2F2000%2Fsvg%27%20width%3D%271276%27%20height%3D%271473%27%20viewBox%3D%270%200%201276%201473%27%3E%3Crect%20width%3D%271276%27%20height%3D%271473%27%20fill-opacity%3D%220%22%2F%3E%3C%2Fsvg%3E\" data-srcset=\"https:\/\/shiboshi.de\/wp-content\/uploads\/2023\/03\/WhatsApp-Image-2023-01-01-at-21.33.23-200x231.jpeg 200w, https:\/\/shiboshi.de\/wp-content\/uploads\/2023\/03\/WhatsApp-Image-2023-01-01-at-21.33.23-400x462.jpeg 400w, https:\/\/shiboshi.de\/wp-content\/uploads\/2023\/03\/WhatsApp-Image-2023-01-01-at-21.33.23-600x693.jpeg 600w, https:\/\/shiboshi.de\/wp-content\/uploads\/2023\/03\/WhatsApp-Image-2023-01-01-at-21.33.23-800x924.jpeg 800w, https:\/\/shiboshi.de\/wp-content\/uploads\/2023\/03\/WhatsApp-Image-2023-01-01-at-21.33.23-1200x1385.jpeg 1200w, https:\/\/shiboshi.de\/wp-content\/uploads\/2023\/03\/WhatsApp-Image-2023-01-01-at-21.33.23.jpeg 1276w\" data-sizes=\"auto\" data-orig-sizes=\"(max-width: 640px) 100vw, 600px\" \/><\/span><\/div><div class=\"fusion-image-element \" style=\"--awb-caption-title-size:var(--h2_typography-font-size);--awb-caption-title-transform:var(--h2_typography-text-transform);--awb-caption-title-line-height:var(--h2_typography-line-height);--awb-caption-title-letter-spacing:var(--h2_typography-letter-spacing);\"><span class=\" fusion-imageframe imageframe-none imageframe-2 hover-type-none\"><img decoding=\"async\" width=\"1122\" height=\"1299\" title=\"WhatsApp Image 2023-01-01 at 21.33.08\" src=\"https:\/\/shiboshi.de\/wp-content\/uploads\/2023\/03\/WhatsApp-Image-2023-01-01-at-21.33.08-e1679522279977.jpeg\" data-orig-src=\"https:\/\/shiboshi.de\/wp-content\/uploads\/2023\/03\/WhatsApp-Image-2023-01-01-at-21.33.08-e1679522279977.jpeg\" alt class=\"lazyload img-responsive wp-image-1848\" srcset=\"data:image\/svg+xml,%3Csvg%20xmlns%3D%27http%3A%2F%2Fwww.w3.org%2F2000%2Fsvg%27%20width%3D%271122%27%20height%3D%271299%27%20viewBox%3D%270%200%201122%201299%27%3E%3Crect%20width%3D%271122%27%20height%3D%271299%27%20fill-opacity%3D%220%22%2F%3E%3C%2Fsvg%3E\" data-srcset=\"https:\/\/shiboshi.de\/wp-content\/uploads\/2023\/03\/WhatsApp-Image-2023-01-01-at-21.33.08-e1679522279977-200x232.jpeg 200w, https:\/\/shiboshi.de\/wp-content\/uploads\/2023\/03\/WhatsApp-Image-2023-01-01-at-21.33.08-e1679522279977-400x463.jpeg 400w, https:\/\/shiboshi.de\/wp-content\/uploads\/2023\/03\/WhatsApp-Image-2023-01-01-at-21.33.08-e1679522279977-600x695.jpeg 600w, https:\/\/shiboshi.de\/wp-content\/uploads\/2023\/03\/WhatsApp-Image-2023-01-01-at-21.33.08-e1679522279977-800x926.jpeg 800w, https:\/\/shiboshi.de\/wp-content\/uploads\/2023\/03\/WhatsApp-Image-2023-01-01-at-21.33.08-e1679522279977.jpeg 1122w\" data-sizes=\"auto\" data-orig-sizes=\"(max-width: 640px) 100vw, 600px\" \/><\/span><\/div><\/div><\/div><div class=\"fusion-layout-column fusion_builder_column fusion-builder-column-1 fusion_builder_column_1_2 1_2 fusion-flex-column\" style=\"--awb-bg-size:cover;--awb-width-large:50%;--awb-margin-top-large:0px;--awb-spacing-right-large:40px;--awb-margin-bottom-large:20px;--awb-spacing-left-large:40px;--awb-width-medium:50%;--awb-order-medium:0;--awb-spacing-right-medium:40px;--awb-spacing-left-medium:40px;--awb-width-small:100%;--awb-order-small:0;--awb-spacing-right-small:40px;--awb-spacing-left-small:40px;\"><div class=\"fusion-column-wrapper fusion-column-has-shadow fusion-flex-justify-content-flex-start fusion-content-layout-column\"><div class=\"fusion-text fusion-text-1\"><p>Wer sind wir? Wir, das sind Nadine und Ronny G\u00fcnther. Beide mit langj\u00e4hriger Pflegeerfahrung in verschiedenen Einrichtungen. Mit steigenden Personalmangel steigen auch die Herausforderungen. Pflege macht \u201eman\u201c nicht mal eben so, auch wenn gesellschaftlich oftmals der Eindruck erweckt wird. Pflege, das hei\u00dft Verantwortung und Pflichtbewusstsein. Pflege hei\u00dft oftmals auch seine eigenen Bed\u00fcrfnisse zur\u00fcck zu stellen. Wir finden Pflege muss attraktiv sein. Der Pflegeberuf muss allen, die ihn aus\u00fcben noch den Platz lassen auch ihren eigenen W\u00fcnschen und Bed\u00fcrfnissen nachzugehen. Pflege darf nicht krank machen. Pflege muss attraktiv honoriert werden. Dies ist unser Credo. Das wollen wir umsetzen. Faire Bedingungen und faire Entlohnung. Daf\u00fcr stehen wir.<\/p>\n<\/div><\/div><\/div><\/div><\/div>\n","protected":false},"excerpt":{"rendered":"","protected":false},"author":1,"featured_media":0,"parent":0,"menu_order":0,"comment_status":"closed","ping_status":"closed","template":"","meta":{"footnotes":""},"class_list":["post-1742","page","type-page","status-publish","hentry"],"_links":{"self":[{"href":"https:\/\/shiboshi.de\/index.php\/wp-json\/wp\/v2\/pages\/1742","targetHints":{"allow":["GET"]}}],"collection":[{"href":"https:\/\/shiboshi.de\/index.php\/wp-json\/wp\/v2\/pages"}],"about":[{"href":"https:\/\/shiboshi.de\/index.php\/wp-json\/wp\/v2\/types\/page"}],"author":[{"embeddable":true,"href":"https:\/\/shiboshi.de\/index.php\/wp-json\/wp\/v2\/users\/1"}],"replies":[{"embeddable":true,"href":"https:\/\/shiboshi.de\/index.php\/wp-json\/wp\/v2\/comments?post=1742"}],"version-history":[{"count":8,"href":"https:\/\/shiboshi.de\/index.php\/wp-json\/wp\/v2\/pages\/1742\/revisions"}],"predecessor-version":[{"id":1867,"href":"https:\/\/shiboshi.de\/index.php\/wp-json\/wp\/v2\/pages\/1742\/revisions\/1867"}],"wp:attachment":[{"href":"https:\/\/shiboshi.de\/index.php\/wp-json\/wp\/v2\/media?parent=1742"}],"curies":[{"name":"wp","href":"https:\/\/api.w.org\/{rel}","templated":true}]}}