{"id":1854,"date":"2023-03-14T08:41:43","date_gmt":"2023-03-14T08:41:43","guid":{"rendered":"https:\/\/shiboshi.de\/?page_id=1854"},"modified":"2023-03-14T08:48:26","modified_gmt":"2023-03-14T08:48:26","slug":"mal-und-arbeitsbuecher-koennen-leben-retten","status":"publish","type":"page","link":"https:\/\/shiboshi.de\/index.php\/mal-und-arbeitsbuecher-koennen-leben-retten\/","title":{"rendered":"Mal- und Arbeitsb\u00fccher k\u00f6nnen Leben retten"},"content":{"rendered":"<div class=\"fusion-fullwidth fullwidth-box fusion-builder-row-1 fusion-flex-container nonhundred-percent-fullwidth non-hundred-percent-height-scrolling\" style=\"--awb-border-radius-top-left:0px;--awb-border-radius-top-right:0px;--awb-border-radius-bottom-right:0px;--awb-border-radius-bottom-left:0px;\" ><div class=\"fusion-builder-row fusion-row fusion-flex-align-items-flex-start\" style=\"max-width:calc( 1200px + 80px );margin-left: calc(-80px \/ 2 );margin-right: calc(-80px \/ 2 );\"><div class=\"fusion-layout-column fusion_builder_column fusion-builder-column-0 fusion_builder_column_1_1 1_1 fusion-flex-column\" style=\"--awb-bg-size:cover;--awb-width-large:100%;--awb-margin-top-large:0px;--awb-spacing-right-large:40px;--awb-margin-bottom-large:0px;--awb-spacing-left-large:40px;--awb-width-medium:100%;--awb-spacing-right-medium:40px;--awb-spacing-left-medium:40px;--awb-width-small:100%;--awb-spacing-right-small:40px;--awb-spacing-left-small:40px;\"><div class=\"fusion-column-wrapper fusion-flex-justify-content-flex-start fusion-content-layout-column\"><div class=\"fusion-text fusion-text-1\"><p><strong>Wir sind dabei!<\/strong><\/p>\n<p>Feuer ist W\u00e4rme, Licht und Behaglichkeit \u2013 und kann doch zu einer lebensbedrohlichen, zerst\u00f6rerischen Gefahr werden!<\/p>\n<p>Insbesondere unseren Kindern wird die Faszination f\u00fcr das flackernde, spannende Element Feuer immer wieder zum Verh\u00e4ngnis: Wenn Neugierde auf fehlendes Gefahrenbewusstsein st\u00f6\u00dft, sind versehentlich verursachte Br\u00e4nde, Verletzungen und Schlimmeres die Folge.<\/p>\n<p>Wie reagiert man, wenn es brennt? Die kindgerechte Beantwortung dieser Frage haben sich der Kreisfeuerwehrverband Vechta und der K&amp;L Verlag zum Ziel gesetzt und ein leichtverst\u00e4ndliches Mal- und Arbeitsbuch f\u00fcr M\u00e4dchen und Jungen im Grundschulalter herausgegeben.<strong>\u00a0<\/strong>Wir finden: Das ist eine gute Sache!<\/p>\n<p>&nbsp;<\/p>\n<p><strong>Deshalb<\/strong><strong> unterst\u00fctzen wir <\/strong><strong>das Projekt<\/strong><\/p>\n<p>Die einpr\u00e4gsamen Informationen, lehrreichen Aufgaben und liebevollen Illustrationen des neuen Brandschutzbuchs \u201eSicher mit Feuer und Flamme\u201c wurden in enger Zusammenarbeit mit Brandschutzexperten der Feuerwehren entwickelt. Durch die Bearbeitung zu Hause oder in der Schule k\u00f6nnen die Kinder das durch die Feuerwehren vermittelte Brandschutzbewusstsein und die Anleitungen zum richtigen Verhalten nachweislich besser verstehen und vertiefen.<\/p>\n<p>Zus\u00e4tzliche digitale Inhalte wie Videos oder Lernerfolgskontrollen, die mithilfe modernster AR-Technologie und einer kostenlosen App verf\u00fcgbar sind, machen das Arbeitsbuch dar\u00fcber hinaus zu einem begeisternden Erlebnis!<\/p>\n<p>Leben retten k\u00f6nnen zudem auch die innovativen \u201eKinderfinder\u201c-Aufkleber, die zusammen mit dem Buch ausgegeben werden. An der Kinderzimmert\u00fcr weisen sie im Notfall den Rettungskr\u00e4ften ihren Weg zu den jungen Familienmitgliedern, die besonders auf Hilfe angewiesen sind und sich in Gefahrensituationen oft in Schr\u00e4nken oder unter dem Bett verstecken.<\/p>\n<p>Mithilfe der Unterst\u00fctzung vieler \u00f6rtlicher Unternehmen k\u00f6nnen die\u00a0Arbeitsb\u00fccher kostenlos an die Grundschulkinder ausgegeben werden. <strong>Ein Engagement, dem wir uns sehr gerne anschlie\u00dfen. <\/strong><\/p>\n<p>M\u00f6chten Sie mehr \u00fcber das Projekt erfahren? Hier gibt es einen Kurzfilm mit der Feuerwehr Hamburg und weitere Informationen zum Projekt\u00a0 <a href=\"https:\/\/www.kl-verlag.de\">www.kl-verlag.de<\/a><\/p>\n<\/div><div class=\"fusion-image-element \" style=\"--awb-caption-title-size:var(--h2_typography-font-size);--awb-caption-title-transform:var(--h2_typography-text-transform);--awb-caption-title-line-height:var(--h2_typography-line-height);--awb-caption-title-letter-spacing:var(--h2_typography-letter-spacing);\"><span class=\" fusion-imageframe imageframe-none imageframe-1 hover-type-none\"><img decoding=\"async\" width=\"1250\" height=\"1250\" title=\"Brandschutzbuch_150dpi\" src=\"https:\/\/shiboshi.de\/wp-content\/uploads\/2023\/03\/Brandschutzbuch_150dpi-1.jpg\" data-orig-src=\"https:\/\/shiboshi.de\/wp-content\/uploads\/2023\/03\/Brandschutzbuch_150dpi-1.jpg\" alt class=\"lazyload img-responsive wp-image-1857\" srcset=\"data:image\/svg+xml,%3Csvg%20xmlns%3D%27http%3A%2F%2Fwww.w3.org%2F2000%2Fsvg%27%20width%3D%271250%27%20height%3D%271250%27%20viewBox%3D%270%200%201250%201250%27%3E%3Crect%20width%3D%271250%27%20height%3D%271250%27%20fill-opacity%3D%220%22%2F%3E%3C%2Fsvg%3E\" data-srcset=\"https:\/\/shiboshi.de\/wp-content\/uploads\/2023\/03\/Brandschutzbuch_150dpi-1-200x200.jpg 200w, https:\/\/shiboshi.de\/wp-content\/uploads\/2023\/03\/Brandschutzbuch_150dpi-1-400x400.jpg 400w, https:\/\/shiboshi.de\/wp-content\/uploads\/2023\/03\/Brandschutzbuch_150dpi-1-600x600.jpg 600w, https:\/\/shiboshi.de\/wp-content\/uploads\/2023\/03\/Brandschutzbuch_150dpi-1-800x800.jpg 800w, https:\/\/shiboshi.de\/wp-content\/uploads\/2023\/03\/Brandschutzbuch_150dpi-1-1200x1200.jpg 1200w, https:\/\/shiboshi.de\/wp-content\/uploads\/2023\/03\/Brandschutzbuch_150dpi-1.jpg 1250w\" data-sizes=\"auto\" data-orig-sizes=\"(max-width: 640px) 100vw, 1200px\" \/><\/span><\/div><\/div><\/div><\/div><\/div>\n","protected":false},"excerpt":{"rendered":"","protected":false},"author":1,"featured_media":0,"parent":0,"menu_order":0,"comment_status":"closed","ping_status":"closed","template":"","meta":{"footnotes":""},"class_list":["post-1854","page","type-page","status-publish","hentry"],"_links":{"self":[{"href":"https:\/\/shiboshi.de\/index.php\/wp-json\/wp\/v2\/pages\/1854","targetHints":{"allow":["GET"]}}],"collection":[{"href":"https:\/\/shiboshi.de\/index.php\/wp-json\/wp\/v2\/pages"}],"about":[{"href":"https:\/\/shiboshi.de\/index.php\/wp-json\/wp\/v2\/types\/page"}],"author":[{"embeddable":true,"href":"https:\/\/shiboshi.de\/index.php\/wp-json\/wp\/v2\/users\/1"}],"replies":[{"embeddable":true,"href":"https:\/\/shiboshi.de\/index.php\/wp-json\/wp\/v2\/comments?post=1854"}],"version-history":[{"count":2,"href":"https:\/\/shiboshi.de\/index.php\/wp-json\/wp\/v2\/pages\/1854\/revisions"}],"predecessor-version":[{"id":1858,"href":"https:\/\/shiboshi.de\/index.php\/wp-json\/wp\/v2\/pages\/1854\/revisions\/1858"}],"wp:attachment":[{"href":"https:\/\/shiboshi.de\/index.php\/wp-json\/wp\/v2\/media?parent=1854"}],"curies":[{"name":"wp","href":"https:\/\/api.w.org\/{rel}","templated":true}]}}